{"id":137,"date":"2015-11-16T10:53:06","date_gmt":"2015-11-16T10:53:06","guid":{"rendered":"https:\/\/projectesambequilibri.com\/?page_id=137"},"modified":"2025-12-02T13:15:29","modified_gmt":"2025-12-02T12:15:29","slug":"aviso-legal","status":"publish","type":"page","link":"https:\/\/projectesambequilibri.com\/es\/aviso-legal\/","title":{"rendered":"Aviso Legal"},"content":{"rendered":"<p>[et_pb_section fb_built=\u00bb1&#8243; fullwidth=\u00bbon\u00bb admin_label=\u00bbSecci\u00f3n\u00bb _builder_version=\u00bb4.27.4&#8243; background_color=\u00bb#102D3E\u00bb hover_enabled=\u00bb0&#8243; global_colors_info=\u00bb{}\u00bb sticky_enabled=\u00bb0&#8243; custom_padding=\u00bb0px||0px||true|false\u00bb][et_pb_fullwidth_header title=\u00bbAviso legal\u00bb text_orientation=\u00bbcenter\u00bb content_max_width=\u00bbnone\u00bb admin_label=\u00bbAVISO LEGAL\u00bb _builder_version=\u00bb4.27.4&#8243; title_text_color=\u00bb#FFFFFF\u00bb background_color=\u00bbrgba(255, 255, 255, 0)\u00bb background_layout=\u00bblight\u00bb hover_enabled=\u00bb0&#8243; button_one_border_radius_hover=\u00bb3&#8243; button_two_border_radius_hover=\u00bb3&#8243; button_one_letter_spacing_hover=\u00bb0&#8243; button_two_letter_spacing_hover=\u00bb0&#8243; global_colors_info=\u00bb{}\u00bb button_one_text_size__hover_enabled=\u00bboff\u00bb button_two_text_size__hover_enabled=\u00bboff\u00bb button_one_text_color__hover_enabled=\u00bboff\u00bb button_two_text_color__hover_enabled=\u00bboff\u00bb button_one_border_width__hover_enabled=\u00bboff\u00bb button_two_border_width__hover_enabled=\u00bboff\u00bb button_one_border_color__hover_enabled=\u00bboff\u00bb button_two_border_color__hover_enabled=\u00bboff\u00bb button_one_border_radius__hover_enabled=\u00bbon\u00bb button_one_border_radius__hover=\u00bb3&#8243; button_two_border_radius__hover_enabled=\u00bbon\u00bb button_two_border_radius__hover=\u00bb3&#8243; button_one_letter_spacing__hover_enabled=\u00bbon\u00bb button_one_letter_spacing__hover=\u00bb0&#8243; button_two_letter_spacing__hover_enabled=\u00bbon\u00bb button_two_letter_spacing__hover=\u00bb0&#8243; button_one_bg_color__hover_enabled=\u00bboff\u00bb button_two_bg_color__hover_enabled=\u00bboff\u00bb title_font=\u00bb|700|||||||\u00bb sticky_enabled=\u00bb0&#8243;][\/et_pb_fullwidth_header][\/et_pb_section][et_pb_section fb_built=\u00bb1&#8243; admin_label=\u00bbSecci\u00f3n\u00bb _builder_version=\u00bb4.27.4&#8243; hover_enabled=\u00bb0&#8243; global_colors_info=\u00bb{}\u00bb custom_padding=\u00bb30px||24px||false|false\u00bb sticky_enabled=\u00bb0&#8243;][et_pb_row _builder_version=\u00bb4.27.4&#8243; _module_preset=\u00bbdefault\u00bb][et_pb_column _builder_version=\u00bb4.27.4&#8243; _module_preset=\u00bbdefault\u00bb type=\u00bb4_4&#8243;][et_pb_text _builder_version=\u00bb4.27.4&#8243; _module_preset=\u00bbdefault\u00bb hover_enabled=\u00bb0&#8243; sticky_enabled=\u00bb0&#8243;]<\/p>\n<p><span>En compliment amb el deure d\u2019informaci\u00f3 recollit a l\u2019article 10 de la Llei 34\/2002, de 11 de juliol, de serveis de la societat de la informaci\u00f3 i del comer\u00e7 electr\u00f2nic (LSSI-CE), es fan constar les dades seg\u00fcents:<\/span><\/p>\n<ul>\n<li><strong><span>Titular:<\/span><\/strong><span> Clara Bartra Vallverd\u00fa<\/span><\/li>\n<li><strong><span>NIF:<\/span><\/strong><span> 39706165T<\/span><\/li>\n<li><strong><span>Domicili:<\/span><\/strong><span> c\/ Llu\u00eds Sagnier, 20, 1r \u2013 08032 Barcelona<\/span><\/li>\n<li><strong><span>Correu electr\u00f2nic:<\/span><\/strong><span> clara@projectesambequilibri.com<\/span><\/li>\n<li><strong><span>Tel\u00e8fon:<\/span><\/strong><span> 615618878<\/span><\/li>\n<\/ul>\n<p><strong><span>Objecte del lloc web<\/span><\/strong><span><br \/>Aquest lloc web t\u00e9 per objectiu oferir informaci\u00f3 sobre els serveis de consultoria de desenvolupament local i establir un canal de comunicaci\u00f3 amb els usuaris interessats.<\/span><\/p>\n<p><strong><span>\u00das del web<\/span><\/strong><span><br \/>L\u2019acc\u00e9s i \u00fas d\u2019aquest lloc web atribueix la condici\u00f3 d\u2019usuari, que accepta les condicions aqu\u00ed establertes. L\u2019usuari es compromet a fer un \u00fas adequat dels continguts i serveis que la titular ofereix a trav\u00e9s del lloc web.<\/span><\/p>\n<p><strong><span>Responsabilitats<\/span><\/strong><span><br \/>La titular no es fa responsable dels danys i perjudicis derivats de l\u2019\u00fas inadequat dels continguts o de l\u2019eventual indisponibilitat del web.<\/span><\/p>\n<ol start=\"2\">\n<li><strong><span> Pol\u00edtica de privacitat<\/span><\/strong><\/li>\n<\/ol>\n<p><span>D\u2019acord amb el Reglament (UE) 2016\/679 (RGPD) i la Llei Org\u00e0nica 3\/2018 (LOPDGDD), s\u2019informa:<\/span><\/p>\n<ul>\n<li><strong><span>Responsable del tractament:<\/span><\/strong><span> Clara Bartra Vallverd\u00fa \u2013 NIF 39706165T<\/span><\/li>\n<li><strong><span>Domicili:<\/span><\/strong><span> c\/ Llu\u00eds Sagnier, 20, 1r \u2013 08032 Barcelona<\/span><\/li>\n<li><strong><span>Correu electr\u00f2nic:<\/span><\/strong><span> clara@projectesambequilibri.com<\/span><\/li>\n<\/ul>\n<p><strong><span>Finalitat del tractament<\/span><\/strong><span><br \/>Gestionar les consultes rebudes a trav\u00e9s del formulari de contacte, correu electr\u00f2nic o tel\u00e8fon i, si s\u2019escau, l\u2019enviament d\u2019informaci\u00f3 relacionada amb els serveis.<\/span><\/p>\n<p><strong><span>Legitimaci\u00f3<\/span><\/strong><span><br \/>Consentiment de l\u2019interessat en contactar i sol\u00b7licitar informaci\u00f3.<\/span><\/p>\n<p><strong><span>Conservaci\u00f3 de dades<\/span><\/strong><span><br \/>Les dades es mantindran mentre es gestioni la consulta i, en cas de relaci\u00f3 professional, durant els terminis legals aplicables.<\/span><\/p>\n<p><strong><span>Destinataris<\/span><\/strong><span><br \/>No es comunicaran dades a tercers excepte obligaci\u00f3 legal.<\/span><\/p>\n<p><strong><span>Drets<\/span><\/strong><span><br \/>L\u2019usuari pot exercir els seus drets d\u2019acc\u00e9s, rectificaci\u00f3, supressi\u00f3, oposici\u00f3, limitaci\u00f3 i portabilitat enviant un correu a <strong>clara@projectesambequilibri.com<\/strong>, adjuntant una c\u00f2pia del DNI.<\/span><\/p>\n<p><strong><span>Reclamaci\u00f3<\/span><\/strong><span><br \/>Si considera que els seus drets no han estat atesos, pot presentar una reclamaci\u00f3 davant l\u2019Ag\u00e8ncia Espanyola de Protecci\u00f3 de Dades (www.aepd.es).<\/span><\/p>\n<p>[\/et_pb_text][\/et_pb_column][\/et_pb_row][\/et_pb_section]<\/p>\n","protected":false},"excerpt":{"rendered":"<p>Assessorem a empreses de l\u2019\u00e0mbit p\u00fablic i privat per tal d\u2019integrar tot el potencial que ofereix el territori amb un trajecte sostenible.<\/p>\n","protected":false},"author":1,"featured_media":518,"parent":0,"menu_order":0,"comment_status":"closed","ping_status":"closed","template":"","meta":{"_et_pb_use_builder":"on","_et_pb_old_content":"","_et_gb_content_width":"","footnotes":""},"class_list":["post-137","page","type-page","status-publish","has-post-thumbnail","hentry"],"yoast_head":"<!-- This site is optimized with the Yoast SEO plugin v27.4 - https:\/\/yoast.com\/product\/yoast-seo-wordpress\/ -->\n<title>Aviso Legal - Projectes amb Equilibri<\/title>\n<meta name=\"description\" content=\"Assessorem a empreses de l\u2019\u00e0mbit p\u00fablic i privat per tal d\u2019integrar tot el potencial que ofereix el territori amb un trajecte sostenible.\" \/>\n<meta name=\"robots\" content=\"index, follow, max-snippet:-1, max-image-preview:large, max-video-preview:-1\" \/>\n<link rel=\"canonical\" href=\"https:\/\/projectesambequilibri.com\/es\/aviso-legal\/\" \/>\n<meta property=\"og:locale\" content=\"es_ES\" \/>\n<meta property=\"og:type\" content=\"article\" \/>\n<meta property=\"og:title\" content=\"Aviso Legal - Projectes amb Equilibri\" \/>\n<meta property=\"og:description\" content=\"Assessorem a empreses de l\u2019\u00e0mbit p\u00fablic i privat per tal d\u2019integrar tot el potencial que ofereix el territori amb un trajecte sostenible.\" \/>\n<meta property=\"og:url\" content=\"https:\/\/projectesambequilibri.com\/es\/aviso-legal\/\" \/>\n<meta property=\"og:site_name\" content=\"Projectes amb Equilibri\" \/>\n<meta property=\"article:modified_time\" content=\"2025-12-02T12:15:29+00:00\" \/>\n<meta property=\"og:image\" content=\"https:\/\/projectesambequilibri.com\/wp-content\/uploads\/logotipo-paginas.jpg\" \/>\n\t<meta property=\"og:image:width\" content=\"555\" \/>\n\t<meta property=\"og:image:height\" content=\"259\" \/>\n\t<meta property=\"og:image:type\" content=\"image\/jpeg\" \/>\n<meta name=\"twitter:card\" content=\"summary_large_image\" \/>\n<meta name=\"twitter:label1\" content=\"Tiempo de lectura\" \/>\n\t<meta name=\"twitter:data1\" content=\"1 minuto\" \/>\n<script type=\"application\/ld+json\" class=\"yoast-schema-graph\">{\"@context\":\"https:\\\/\\\/schema.org\",\"@graph\":[{\"@type\":\"WebPage\",\"@id\":\"https:\\\/\\\/projectesambequilibri.com\\\/es\\\/aviso-legal\\\/\",\"url\":\"https:\\\/\\\/projectesambequilibri.com\\\/es\\\/aviso-legal\\\/\",\"name\":\"Aviso Legal - Projectes amb Equilibri\",\"isPartOf\":{\"@id\":\"https:\\\/\\\/projectesambequilibri.com\\\/#website\"},\"primaryImageOfPage\":{\"@id\":\"https:\\\/\\\/projectesambequilibri.com\\\/es\\\/aviso-legal\\\/#primaryimage\"},\"image\":{\"@id\":\"https:\\\/\\\/projectesambequilibri.com\\\/es\\\/aviso-legal\\\/#primaryimage\"},\"thumbnailUrl\":\"https:\\\/\\\/projectesambequilibri.com\\\/wp-content\\\/uploads\\\/logotipo-paginas.jpg\",\"datePublished\":\"2015-11-16T10:53:06+00:00\",\"dateModified\":\"2025-12-02T12:15:29+00:00\",\"description\":\"Assessorem a empreses de l\u2019\u00e0mbit p\u00fablic i privat per tal d\u2019integrar tot el potencial que ofereix el territori amb un trajecte sostenible.\",\"breadcrumb\":{\"@id\":\"https:\\\/\\\/projectesambequilibri.com\\\/es\\\/aviso-legal\\\/#breadcrumb\"},\"inLanguage\":\"es\",\"potentialAction\":[{\"@type\":\"ReadAction\",\"target\":[\"https:\\\/\\\/projectesambequilibri.com\\\/es\\\/aviso-legal\\\/\"]}]},{\"@type\":\"ImageObject\",\"inLanguage\":\"es\",\"@id\":\"https:\\\/\\\/projectesambequilibri.com\\\/es\\\/aviso-legal\\\/#primaryimage\",\"url\":\"https:\\\/\\\/projectesambequilibri.com\\\/wp-content\\\/uploads\\\/logotipo-paginas.jpg\",\"contentUrl\":\"https:\\\/\\\/projectesambequilibri.com\\\/wp-content\\\/uploads\\\/logotipo-paginas.jpg\",\"width\":555,\"height\":259,\"caption\":\"Logotip Projectes amb Equilibri | Consultoria de Desenvolupament Sostenible\"},{\"@type\":\"BreadcrumbList\",\"@id\":\"https:\\\/\\\/projectesambequilibri.com\\\/es\\\/aviso-legal\\\/#breadcrumb\",\"itemListElement\":[{\"@type\":\"ListItem\",\"position\":1,\"name\":\"Portada\",\"item\":\"https:\\\/\\\/projectesambequilibri.com\\\/es\\\/\"},{\"@type\":\"ListItem\",\"position\":2,\"name\":\"Aviso Legal\"}]},{\"@type\":\"WebSite\",\"@id\":\"https:\\\/\\\/projectesambequilibri.com\\\/#website\",\"url\":\"https:\\\/\\\/projectesambequilibri.com\\\/\",\"name\":\"Projectes amb Equilibri\",\"description\":\"Consultoria de Desenvolupament Sostenible\",\"potentialAction\":[{\"@type\":\"SearchAction\",\"target\":{\"@type\":\"EntryPoint\",\"urlTemplate\":\"https:\\\/\\\/projectesambequilibri.com\\\/?s={search_term_string}\"},\"query-input\":{\"@type\":\"PropertyValueSpecification\",\"valueRequired\":true,\"valueName\":\"search_term_string\"}}],\"inLanguage\":\"es\"}]}<\/script>\n<!-- \/ Yoast SEO plugin. -->","yoast_head_json":{"title":"Aviso Legal - Projectes amb Equilibri","description":"Assessorem a empreses de l\u2019\u00e0mbit p\u00fablic i privat per tal d\u2019integrar tot el potencial que ofereix el territori amb un trajecte sostenible.","robots":{"index":"index","follow":"follow","max-snippet":"max-snippet:-1","max-image-preview":"max-image-preview:large","max-video-preview":"max-video-preview:-1"},"canonical":"https:\/\/projectesambequilibri.com\/es\/aviso-legal\/","og_locale":"es_ES","og_type":"article","og_title":"Aviso Legal - Projectes amb Equilibri","og_description":"Assessorem a empreses de l\u2019\u00e0mbit p\u00fablic i privat per tal d\u2019integrar tot el potencial que ofereix el territori amb un trajecte sostenible.","og_url":"https:\/\/projectesambequilibri.com\/es\/aviso-legal\/","og_site_name":"Projectes amb Equilibri","article_modified_time":"2025-12-02T12:15:29+00:00","og_image":[{"width":555,"height":259,"url":"https:\/\/projectesambequilibri.com\/wp-content\/uploads\/logotipo-paginas.jpg","type":"image\/jpeg"}],"twitter_card":"summary_large_image","twitter_misc":{"Tiempo de lectura":"1 minuto"},"schema":{"@context":"https:\/\/schema.org","@graph":[{"@type":"WebPage","@id":"https:\/\/projectesambequilibri.com\/es\/aviso-legal\/","url":"https:\/\/projectesambequilibri.com\/es\/aviso-legal\/","name":"Aviso Legal - Projectes amb Equilibri","isPartOf":{"@id":"https:\/\/projectesambequilibri.com\/#website"},"primaryImageOfPage":{"@id":"https:\/\/projectesambequilibri.com\/es\/aviso-legal\/#primaryimage"},"image":{"@id":"https:\/\/projectesambequilibri.com\/es\/aviso-legal\/#primaryimage"},"thumbnailUrl":"https:\/\/projectesambequilibri.com\/wp-content\/uploads\/logotipo-paginas.jpg","datePublished":"2015-11-16T10:53:06+00:00","dateModified":"2025-12-02T12:15:29+00:00","description":"Assessorem a empreses de l\u2019\u00e0mbit p\u00fablic i privat per tal d\u2019integrar tot el potencial que ofereix el territori amb un trajecte sostenible.","breadcrumb":{"@id":"https:\/\/projectesambequilibri.com\/es\/aviso-legal\/#breadcrumb"},"inLanguage":"es","potentialAction":[{"@type":"ReadAction","target":["https:\/\/projectesambequilibri.com\/es\/aviso-legal\/"]}]},{"@type":"ImageObject","inLanguage":"es","@id":"https:\/\/projectesambequilibri.com\/es\/aviso-legal\/#primaryimage","url":"https:\/\/projectesambequilibri.com\/wp-content\/uploads\/logotipo-paginas.jpg","contentUrl":"https:\/\/projectesambequilibri.com\/wp-content\/uploads\/logotipo-paginas.jpg","width":555,"height":259,"caption":"Logotip Projectes amb Equilibri | Consultoria de Desenvolupament Sostenible"},{"@type":"BreadcrumbList","@id":"https:\/\/projectesambequilibri.com\/es\/aviso-legal\/#breadcrumb","itemListElement":[{"@type":"ListItem","position":1,"name":"Portada","item":"https:\/\/projectesambequilibri.com\/es\/"},{"@type":"ListItem","position":2,"name":"Aviso Legal"}]},{"@type":"WebSite","@id":"https:\/\/projectesambequilibri.com\/#website","url":"https:\/\/projectesambequilibri.com\/","name":"Projectes amb Equilibri","description":"Consultoria de Desenvolupament Sostenible","potentialAction":[{"@type":"SearchAction","target":{"@type":"EntryPoint","urlTemplate":"https:\/\/projectesambequilibri.com\/?s={search_term_string}"},"query-input":{"@type":"PropertyValueSpecification","valueRequired":true,"valueName":"search_term_string"}}],"inLanguage":"es"}]}},"_links":{"self":[{"href":"https:\/\/projectesambequilibri.com\/es\/wp-json\/wp\/v2\/pages\/137","targetHints":{"allow":["GET"]}}],"collection":[{"href":"https:\/\/projectesambequilibri.com\/es\/wp-json\/wp\/v2\/pages"}],"about":[{"href":"https:\/\/projectesambequilibri.com\/es\/wp-json\/wp\/v2\/types\/page"}],"author":[{"embeddable":true,"href":"https:\/\/projectesambequilibri.com\/es\/wp-json\/wp\/v2\/users\/1"}],"replies":[{"embeddable":true,"href":"https:\/\/projectesambequilibri.com\/es\/wp-json\/wp\/v2\/comments?post=137"}],"version-history":[{"count":12,"href":"https:\/\/projectesambequilibri.com\/es\/wp-json\/wp\/v2\/pages\/137\/revisions"}],"predecessor-version":[{"id":993,"href":"https:\/\/projectesambequilibri.com\/es\/wp-json\/wp\/v2\/pages\/137\/revisions\/993"}],"wp:featuredmedia":[{"embeddable":true,"href":"https:\/\/projectesambequilibri.com\/es\/wp-json\/wp\/v2\/media\/518"}],"wp:attachment":[{"href":"https:\/\/projectesambequilibri.com\/es\/wp-json\/wp\/v2\/media?parent=137"}],"curies":[{"name":"wp","href":"https:\/\/api.w.org\/{rel}","templated":true}]}}